{"id":394,"date":"2025-03-19T12:13:50","date_gmt":"2025-03-19T12:13:50","guid":{"rendered":"https:\/\/www.rekimobil-re.de\/index.php\/reki-mobil-2\/"},"modified":"2026-04-07T08:22:01","modified_gmt":"2026-04-07T08:22:01","slug":"reki-mobil-2","status":"publish","type":"page","link":"https:\/\/www.rekimobil-re.de\/","title":{"rendered":"ReKi-Mobil"},"content":{"rendered":"\t\t<div data-elementor-type=\"wp-page\" data-elementor-id=\"394\" class=\"elementor elementor-394\">\n\t\t\t\t<div class=\"elementor-element elementor-element-3f441bfc e-con-full e-flex e-con e-parent\" data-id=\"3f441bfc\" data-element_type=\"container\" data-e-type=\"container\">\n\t\t<div class=\"elementor-element elementor-element-5058cd9d e-con-full e-flex e-con e-child\" data-id=\"5058cd9d\" data-element_type=\"container\" data-e-type=\"container\">\n\t\t<div class=\"elementor-element elementor-element-2ab06f02 e-con-full e-flex e-con e-child\" data-id=\"2ab06f02\" data-element_type=\"container\" data-e-type=\"container\">\n\t\t\t\t<div class=\"elementor-element elementor-element-180904d9 elementor-widget elementor-widget-heading\" data-id=\"180904d9\" data-element_type=\"widget\" data-e-type=\"widget\" data-widget_type=\"heading.default\">\n\t\t\t\t<div class=\"elementor-widget-container\">\n\t\t\t\t\t<h1 class=\"elementor-heading-title elementor-size-default\">Dein Spiel- &amp; Kreativtreff in Recklinghausen!<\/h1>\t\t\t\t<\/div>\n\t\t\t\t<\/div>\n\t\t\t\t<div class=\"elementor-element elementor-element-24c705e0 elementor-widget elementor-widget-heading\" data-id=\"24c705e0\" data-element_type=\"widget\" data-e-type=\"widget\" data-widget_type=\"heading.default\">\n\t\t\t\t<div class=\"elementor-widget-container\">\n\t\t\t\t\t<h1 class=\"elementor-heading-title elementor-size-default\">ReKi-Mobil<\/h1>\t\t\t\t<\/div>\n\t\t\t\t<\/div>\n\t\t\t\t<div class=\"elementor-element elementor-element-fa732f6 elementor-widget elementor-widget-text-editor\" data-id=\"fa732f6\" data-element_type=\"widget\" data-e-type=\"widget\" data-widget_type=\"text-editor.default\">\n\t\t\t\t<div class=\"elementor-widget-container\">\n\t\t\t\t\t\t\t\t\t<p>Kostenloses Freizeitangebot f\u00fcr Kinder von 6 bis 14 Jahren.<\/p>\t\t\t\t\t\t\t\t<\/div>\n\t\t\t\t<\/div>\n\t\t\t\t<div class=\"elementor-element elementor-element-3bdd4574 elementor-invisible elementor-widget elementor-widget-button\" data-id=\"3bdd4574\" data-element_type=\"widget\" data-e-type=\"widget\" data-settings=\"{&quot;_animation&quot;:&quot;fadeInDown&quot;}\" data-widget_type=\"button.default\">\n\t\t\t\t<div class=\"elementor-widget-container\">\n\t\t\t\t\t\t\t\t\t<div class=\"elementor-button-wrapper\">\n\t\t\t\t\t<a class=\"elementor-button elementor-button-link elementor-size-sm elementor-animation-sink\" href=\"#termine\">\n\t\t\t\t\t\t<span class=\"elementor-button-content-wrapper\">\n\t\t\t\t\t\t\t\t\t<span class=\"elementor-button-text\">Zu den Terminen<\/span>\n\t\t\t\t\t<\/span>\n\t\t\t\t\t<\/a>\n\t\t\t\t<\/div>\n\t\t\t\t\t\t\t\t<\/div>\n\t\t\t\t<\/div>\n\t\t\t\t<\/div>\n\t\t\t\t<\/div>\n\t\t<div class=\"elementor-element elementor-element-23fee310 e-con-full e-flex e-con e-child\" data-id=\"23fee310\" data-element_type=\"container\" data-e-type=\"container\" data-settings=\"{&quot;background_background&quot;:&quot;classic&quot;}\">\n\t\t\t\t<\/div>\n\t\t\t\t<\/div>\n\t\t<div class=\"elementor-element elementor-element-736b96ba e-con-full e-flex e-con e-parent\" data-id=\"736b96ba\" data-element_type=\"container\" data-e-type=\"container\" id=\"angebot\">\n\t\t<div class=\"elementor-element elementor-element-56fb2be7 e-con-full e-flex e-con e-child\" data-id=\"56fb2be7\" data-element_type=\"container\" data-e-type=\"container\" data-settings=\"{&quot;background_background&quot;:&quot;classic&quot;}\">\n\t\t\t\t<div class=\"elementor-element elementor-element-55192a07 elementor-widget elementor-widget-image\" data-id=\"55192a07\" data-element_type=\"widget\" data-e-type=\"widget\" data-widget_type=\"image.default\">\n\t\t\t\t<div class=\"elementor-widget-container\">\n\t\t\t\t\t\t\t\t\t\t\t\t\t\t\t<img fetchpriority=\"high\" decoding=\"async\" width=\"800\" height=\"600\" src=\"https:\/\/www.rekimobil-re.de\/wp-content\/uploads\/2025\/07\/ReKi-Mobil-Vestlandhalle-Website-1024x768.jpeg\" class=\"attachment-large size-large wp-image-459\" alt=\"\" srcset=\"https:\/\/www.rekimobil-re.de\/wp-content\/uploads\/2025\/07\/ReKi-Mobil-Vestlandhalle-Website-1024x768.jpeg 1024w, https:\/\/www.rekimobil-re.de\/wp-content\/uploads\/2025\/07\/ReKi-Mobil-Vestlandhalle-Website-300x225.jpeg 300w, https:\/\/www.rekimobil-re.de\/wp-content\/uploads\/2025\/07\/ReKi-Mobil-Vestlandhalle-Website-768x576.jpeg 768w, https:\/\/www.rekimobil-re.de\/wp-content\/uploads\/2025\/07\/ReKi-Mobil-Vestlandhalle-Website-1536x1152.jpeg 1536w, https:\/\/www.rekimobil-re.de\/wp-content\/uploads\/2025\/07\/ReKi-Mobil-Vestlandhalle-Website.jpeg 1600w\" sizes=\"(max-width: 800px) 100vw, 800px\" \/>\t\t\t\t\t\t\t\t\t\t\t\t\t\t\t<\/div>\n\t\t\t\t<\/div>\n\t\t\t\t<div class=\"elementor-element elementor-element-66098e30 elementor-widget elementor-widget-heading\" data-id=\"66098e30\" data-element_type=\"widget\" data-e-type=\"widget\" data-widget_type=\"heading.default\">\n\t\t\t\t<div class=\"elementor-widget-container\">\n\t\t\t\t\t<h5 class=\"elementor-heading-title elementor-size-default\">Der Standort an der Vestlandhalle<\/h5>\t\t\t\t<\/div>\n\t\t\t\t<\/div>\n\t\t\t\t<\/div>\n\t\t<div class=\"elementor-element elementor-element-7a74cf58 e-con-full e-flex e-con e-child\" data-id=\"7a74cf58\" data-element_type=\"container\" data-e-type=\"container\">\n\t\t\t\t<div class=\"elementor-element elementor-element-32285c6c elementor-widget elementor-widget-heading\" data-id=\"32285c6c\" data-element_type=\"widget\" data-e-type=\"widget\" data-widget_type=\"heading.default\">\n\t\t\t\t<div class=\"elementor-widget-container\">\n\t\t\t\t\t<h2 class=\"elementor-heading-title elementor-size-default\">Was ist das ReKi-Mobil? <\/h2>\t\t\t\t<\/div>\n\t\t\t\t<\/div>\n\t\t\t\t<div class=\"elementor-element elementor-element-2c81de94 elementor-widget elementor-widget-text-editor\" data-id=\"2c81de94\" data-element_type=\"widget\" data-e-type=\"widget\" data-widget_type=\"text-editor.default\">\n\t\t\t\t<div class=\"elementor-widget-container\">\n\t\t\t\t\t\t\t\t\tDas ReKi-Mobil ist ein kostenloses, mobiles Spiel- und Freizeitangebot f\u00fcr Kinder und\nJugendliche, die ein sicheres und abwechslungsreiches Programm direkt in ihrem Stadtteil erleben m\u00f6chten. Egal ob Basteln, Werkeln, Musizieren und Kreieren \u2013 Bei uns kannst du unglaublich viel ausprobieren und kennenlernen. Das allerbeste daran: Voll und ganz kostenlos. Jedes Kind verdient einen Platz zum Spielen, Lernen &#038; Entdecken.\n\nDu kannst uns an unseren Eins\u00e4tzen immer einfach besuchen kommen. Unsere Aktionen werden grunds\u00e4tzlich von mindestens zwei Honorarkr\u00e4ften begleitet, die mit viel Engagement und Kreativit\u00e4t jede Aktivit\u00e4t leiten. \t\t\t\t\t\t\t\t<\/div>\n\t\t\t\t<\/div>\n\t\t\t\t<div class=\"elementor-element elementor-element-38b04141 elementor-widget elementor-widget-text-editor\" data-id=\"38b04141\" data-element_type=\"widget\" data-e-type=\"widget\" data-widget_type=\"text-editor.default\">\n\t\t\t\t<div class=\"elementor-widget-container\">\n\t\t\t\t\t\t\t\t\tWir m\u00f6chten Kindern einen Ort bieten, an dem sie selbst entscheiden k\u00f6nnen, was sie machen m\u00f6chten.\t\t\t\t\t\t\t\t<\/div>\n\t\t\t\t<\/div>\n\t\t\t\t<div class=\"elementor-element elementor-element-72cbf04d elementor-widget elementor-widget-heading\" data-id=\"72cbf04d\" data-element_type=\"widget\" data-e-type=\"widget\" data-widget_type=\"heading.default\">\n\t\t\t\t<div class=\"elementor-widget-container\">\n\t\t\t\t\t<h2 class=\"elementor-heading-title elementor-size-default\">Was euch erwartet?<\/h2>\t\t\t\t<\/div>\n\t\t\t\t<\/div>\n\t\t\t\t<div class=\"elementor-element elementor-element-49d1820 elementor-widget elementor-widget-text-editor\" data-id=\"49d1820\" data-element_type=\"widget\" data-e-type=\"widget\" data-widget_type=\"text-editor.default\">\n\t\t\t\t<div class=\"elementor-widget-container\">\n\t\t\t\t\t\t\t\t\t<p>\ud83c\udfa8 Kreativ-Werkstatt: Basteln, Malen, Upcycling-Projekte, Naturkunst &amp; T-Shirt-Gestaltung<br \/>\ud83c\udfc3 Bewegung &amp; Action: Spiele, Sport, Bewegungs- &amp; Fahrzeugparcours<br \/>\ud83d\udd28 Handwerk &amp; Bauen: Holz- &amp; Karton-Konstruktionen, Schmuckherstellung<br \/>\ud83c\udfad Mitmach-Aktionen: Jahreszeitliche Events wie Drachenbau oder Osterbasteln<\/p>\t\t\t\t\t\t\t\t<\/div>\n\t\t\t\t<\/div>\n\t\t\t\t<div class=\"elementor-element elementor-element-24cb6fb6 elementor-widget elementor-widget-image\" data-id=\"24cb6fb6\" data-element_type=\"widget\" data-e-type=\"widget\" data-widget_type=\"image.default\">\n\t\t\t\t<div class=\"elementor-widget-container\">\n\t\t\t\t\t\t\t\t\t\t\t\t\t\t\t<img decoding=\"async\" width=\"300\" height=\"216\" src=\"https:\/\/www.rekimobil-re.de\/wp-content\/uploads\/2025\/03\/logo_recklinghausen-300x216.png\" class=\"attachment-medium size-medium wp-image-398\" alt=\"\" srcset=\"https:\/\/www.rekimobil-re.de\/wp-content\/uploads\/2025\/03\/logo_recklinghausen-300x216.png 300w, https:\/\/www.rekimobil-re.de\/wp-content\/uploads\/2025\/03\/logo_recklinghausen.png 750w\" sizes=\"(max-width: 300px) 100vw, 300px\" \/>\t\t\t\t\t\t\t\t\t\t\t\t\t\t\t<\/div>\n\t\t\t\t<\/div>\n\t\t\t\t<\/div>\n\t\t\t\t<\/div>\n\t\t<div class=\"elementor-element elementor-element-28ac3c91 e-flex e-con-boxed e-con e-parent\" data-id=\"28ac3c91\" data-element_type=\"container\" data-e-type=\"container\" id=\"termine\">\n\t\t\t\t\t<div class=\"e-con-inner\">\n\t\t\t\t<div class=\"elementor-element elementor-element-4369e41d elementor-invisible elementor-widget elementor-widget-heading\" data-id=\"4369e41d\" data-element_type=\"widget\" data-e-type=\"widget\" id=\"termine\" data-settings=\"{&quot;_animation&quot;:&quot;fadeInUp&quot;}\" data-widget_type=\"heading.default\">\n\t\t\t\t<div class=\"elementor-widget-container\">\n\t\t\t\t\t<span class=\"elementor-heading-title elementor-size-default\">termine 2025<\/span>\t\t\t\t<\/div>\n\t\t\t\t<\/div>\n\t\t\t\t\t<\/div>\n\t\t\t\t<\/div>\n\t\t<div class=\"elementor-element elementor-element-29107f7a e-flex e-con-boxed e-con e-parent\" data-id=\"29107f7a\" data-element_type=\"container\" data-e-type=\"container\">\n\t\t\t\t\t<div class=\"e-con-inner\">\n\t\t<div class=\"elementor-element elementor-element-25df0128 e-con-full e-flex e-con e-child\" data-id=\"25df0128\" data-element_type=\"container\" data-e-type=\"container\" data-settings=\"{&quot;background_background&quot;:&quot;classic&quot;}\">\n\t\t\t\t<div class=\"elementor-element elementor-element-1814d53a elementor-widget elementor-widget-heading\" data-id=\"1814d53a\" data-element_type=\"widget\" data-e-type=\"widget\" data-widget_type=\"heading.default\">\n\t\t\t\t<div class=\"elementor-widget-container\">\n\t\t\t\t\t<h2 class=\"elementor-heading-title elementor-size-default\">Termine<\/h2>\t\t\t\t<\/div>\n\t\t\t\t<\/div>\n\t\t\t\t<div class=\"elementor-element elementor-element-252fee49 elementor-widget elementor-widget-text-editor\" data-id=\"252fee49\" data-element_type=\"widget\" data-e-type=\"widget\" data-widget_type=\"text-editor.default\">\n\t\t\t\t<div class=\"elementor-widget-container\">\n\t\t\t\t\t\t\t\t\t<p><strong>Osterferien-Programm<\/strong><br \/>Vom <span class=\"a_GcMg font-feature-liga-off font-feature-clig-off font-feature-calt-off text-decoration-none text-strikethrough-none\">07.\u201311. April<\/span> 2026 findet jeweils von 12:00 &#8211; 16:00 Uhr unser Herbstferienprogramm statt. Kostenlos und ohne vorherige Anmeldung!<\/p>\t\t\t\t\t\t\t\t<\/div>\n\t\t\t\t<\/div>\n\t\t\t\t<\/div>\n\t\t<div class=\"elementor-element elementor-element-2931c43d e-con-full e-flex e-con e-child\" data-id=\"2931c43d\" data-element_type=\"container\" data-e-type=\"container\" data-settings=\"{&quot;background_background&quot;:&quot;classic&quot;}\">\n\t\t\t\t<div class=\"elementor-element elementor-element-919b818 elementor-widget elementor-widget-heading\" data-id=\"919b818\" data-element_type=\"widget\" data-e-type=\"widget\" data-widget_type=\"heading.default\">\n\t\t\t\t<div class=\"elementor-widget-container\">\n\t\t\t\t\t<h2 class=\"elementor-heading-title elementor-size-default\">Termine 2026<\/h2>\t\t\t\t<\/div>\n\t\t\t\t<\/div>\n\t\t\t\t<div class=\"elementor-element elementor-element-2f1369ca elementor-widget elementor-widget-text-editor\" data-id=\"2f1369ca\" data-element_type=\"widget\" data-e-type=\"widget\" data-widget_type=\"text-editor.default\">\n\t\t\t\t<div class=\"elementor-widget-container\">\n\t\t\t\t\t\t\t\t\t<p><strong data-path-to-node=\"2,0,0\" data-index-in-node=\"0\">April:<\/strong>\u00a0(07., 08., 09., 10., 11., 18., 25.)<strong data-path-to-node=\"2,1,0\" data-index-in-node=\"0\"><br \/>Mai:<\/strong>\u00a0(02., 09., 16., 23., 30.) <br \/><strong data-path-to-node=\"2,2,0\" data-index-in-node=\"0\">Juni:<\/strong>\u00a0(06., 13., 20., 27.) <br \/><strong data-path-to-node=\"2,3,0\" data-index-in-node=\"0\">Juli:<\/strong>\u00a0(04., 11., 18., 25.) <br \/><strong data-path-to-node=\"2,4,0\" data-index-in-node=\"0\">August:<\/strong>\u00a0(01., 03., 04., 05., 06., 07., 08., 15., 22., 29.) <br \/><strong data-path-to-node=\"2,5,0\" data-index-in-node=\"0\">September:<\/strong>\u00a0(05., 12., 19., 26.) <br \/><strong data-path-to-node=\"2,6,0\" data-index-in-node=\"0\">Oktober:\u00a0<\/strong>(10., 17., 19., 20., 21., 22., 23., 24., 31.)<\/p><p>Jeweils von 12:00 bis 16:00 Uhr. <br \/>Wir freuen uns auf euch.<\/p>\t\t\t\t\t\t\t\t<\/div>\n\t\t\t\t<\/div>\n\t\t\t\t<\/div>\n\t\t<div class=\"elementor-element elementor-element-123c3fd4 e-con-full e-flex e-con e-child\" data-id=\"123c3fd4\" data-element_type=\"container\" data-e-type=\"container\" data-settings=\"{&quot;background_background&quot;:&quot;classic&quot;}\">\n\t\t\t\t<div class=\"elementor-element elementor-element-1107069f elementor-widget elementor-widget-heading\" data-id=\"1107069f\" data-element_type=\"widget\" data-e-type=\"widget\" data-widget_type=\"heading.default\">\n\t\t\t\t<div class=\"elementor-widget-container\">\n\t\t\t\t\t<h2 class=\"elementor-heading-title elementor-size-default\">Instagram\n<\/h2>\t\t\t\t<\/div>\n\t\t\t\t<\/div>\n\t\t\t\t<div class=\"elementor-element elementor-element-35496d95 elementor-widget elementor-widget-text-editor\" data-id=\"35496d95\" data-element_type=\"widget\" data-e-type=\"widget\" data-widget_type=\"text-editor.default\">\n\t\t\t\t<div class=\"elementor-widget-container\">\n\t\t\t\t\t\t\t\t\t<p>Ihr findet uns auch auf Instagram! Folgt uns und werdet immer mit den neusten Updates versorgt.<\/p>\t\t\t\t\t\t\t\t<\/div>\n\t\t\t\t<\/div>\n\t\t\t\t<div class=\"elementor-element elementor-element-010562d elementor-view-default elementor-widget elementor-widget-icon\" data-id=\"010562d\" data-element_type=\"widget\" data-e-type=\"widget\" data-widget_type=\"icon.default\">\n\t\t\t\t<div class=\"elementor-widget-container\">\n\t\t\t\t\t\t\t<div class=\"elementor-icon-wrapper\">\n\t\t\t<a class=\"elementor-icon\" href=\"https:\/\/www.instagram.com\/reki.mobil\/\" target=\"_blank\">\n\t\t\t<svg aria-hidden=\"true\" class=\"e-font-icon-svg e-fab-instagram\" viewBox=\"0 0 448 512\" xmlns=\"http:\/\/www.w3.org\/2000\/svg\"><path d=\"M224.1 141c-63.6 0-114.9 51.3-114.9 114.9s51.3 114.9 114.9 114.9S339 319.5 339 255.9 287.7 141 224.1 141zm0 189.6c-41.1 0-74.7-33.5-74.7-74.7s33.5-74.7 74.7-74.7 74.7 33.5 74.7 74.7-33.6 74.7-74.7 74.7zm146.4-194.3c0 14.9-12 26.8-26.8 26.8-14.9 0-26.8-12-26.8-26.8s12-26.8 26.8-26.8 26.8 12 26.8 26.8zm76.1 27.2c-1.7-35.9-9.9-67.7-36.2-93.9-26.2-26.2-58-34.4-93.9-36.2-37-2.1-147.9-2.1-184.9 0-35.8 1.7-67.6 9.9-93.9 36.1s-34.4 58-36.2 93.9c-2.1 37-2.1 147.9 0 184.9 1.7 35.9 9.9 67.7 36.2 93.9s58 34.4 93.9 36.2c37 2.1 147.9 2.1 184.9 0 35.9-1.7 67.7-9.9 93.9-36.2 26.2-26.2 34.4-58 36.2-93.9 2.1-37 2.1-147.8 0-184.8zM398.8 388c-7.8 19.6-22.9 34.7-42.6 42.6-29.5 11.7-99.5 9-132.1 9s-102.7 2.6-132.1-9c-19.6-7.8-34.7-22.9-42.6-42.6-11.7-29.5-9-99.5-9-132.1s-2.6-102.7 9-132.1c7.8-19.6 22.9-34.7 42.6-42.6 29.5-11.7 99.5-9 132.1-9s102.7-2.6 132.1 9c19.6 7.8 34.7 22.9 42.6 42.6 11.7 29.5 9 99.5 9 132.1s2.7 102.7-9 132.1z\"><\/path><\/svg>\t\t\t<\/a>\n\t\t<\/div>\n\t\t\t\t\t\t<\/div>\n\t\t\t\t<\/div>\n\t\t\t\t<\/div>\n\t\t\t\t\t<\/div>\n\t\t\t\t<\/div>\n\t\t<div class=\"elementor-element elementor-element-54f07a2 e-flex e-con-boxed e-con e-parent\" data-id=\"54f07a2\" data-element_type=\"container\" data-e-type=\"container\">\n\t\t\t\t\t<div class=\"e-con-inner\">\n\t\t<div class=\"elementor-element elementor-element-e040f7c e-con-full e-flex e-con e-child\" data-id=\"e040f7c\" data-element_type=\"container\" data-e-type=\"container\">\n\t\t\t\t<div class=\"elementor-element elementor-element-02066c6 elementor-widget elementor-widget-image\" data-id=\"02066c6\" data-element_type=\"widget\" data-e-type=\"widget\" data-widget_type=\"image.default\">\n\t\t\t\t<div class=\"elementor-widget-container\">\n\t\t\t\t\t\t\t\t\t\t\t\t\t\t\t<img decoding=\"async\" width=\"768\" height=\"214\" src=\"https:\/\/www.rekimobil-re.de\/wp-content\/uploads\/2025\/03\/Falkenfamilie_Falkenfamilie-768x214.png\" class=\"attachment-medium_large size-medium_large wp-image-433\" alt=\"\" srcset=\"https:\/\/www.rekimobil-re.de\/wp-content\/uploads\/2025\/03\/Falkenfamilie_Falkenfamilie-768x214.png 768w, https:\/\/www.rekimobil-re.de\/wp-content\/uploads\/2025\/03\/Falkenfamilie_Falkenfamilie-300x83.png 300w, https:\/\/www.rekimobil-re.de\/wp-content\/uploads\/2025\/03\/Falkenfamilie_Falkenfamilie-1024x285.png 1024w, https:\/\/www.rekimobil-re.de\/wp-content\/uploads\/2025\/03\/Falkenfamilie_Falkenfamilie-1536x427.png 1536w, https:\/\/www.rekimobil-re.de\/wp-content\/uploads\/2025\/03\/Falkenfamilie_Falkenfamilie.png 1725w\" sizes=\"(max-width: 768px) 100vw, 768px\" \/>\t\t\t\t\t\t\t\t\t\t\t\t\t\t\t<\/div>\n\t\t\t\t<\/div>\n\t\t\t\t<\/div>\n\t\t<div class=\"elementor-element elementor-element-7a4f5f8 e-con-full e-flex e-con e-child\" data-id=\"7a4f5f8\" data-element_type=\"container\" data-e-type=\"container\">\n\t\t\t\t<div class=\"elementor-element elementor-element-d37f419 elementor-widget elementor-widget-text-editor\" data-id=\"d37f419\" data-element_type=\"widget\" data-e-type=\"widget\" data-widget_type=\"text-editor.default\">\n\t\t\t\t<div class=\"elementor-widget-container\">\n\t\t\t\t\t\t\t\t\t<h4>Kontakt<\/h4><p>Ansprechpartner: Tobias Loske<br \/>Mobil: 0173 &#8211; 63 83 686<br \/>Mail: info@rekimobil-re.de<\/p>\t\t\t\t\t\t\t\t<\/div>\n\t\t\t\t<\/div>\n\t\t\t\t<\/div>\n\t\t\t\t\t<\/div>\n\t\t\t\t<\/div>\n\t\t\t\t<\/div>\n\t\t","protected":false},"excerpt":{"rendered":"<p>Dein Spiel- &amp; Kreativtreff in Recklinghausen! ReKi-Mobil Kostenloses Freizeitangebot f\u00fcr Kinder von 6 bis 14 Jahren. Zu den Terminen Der Standort an der Vestlandhalle Was ist das ReKi-Mobil? Das ReKi-Mobil ist ein kostenloses, mobiles Spiel- und Freizeitangebot f\u00fcr Kinder und Jugendliche, die ein sicheres und abwechslungsreiches Programm direkt in ihrem Stadtteil erleben m\u00f6chten. Egal ob [&hellip;]<\/p>\n","protected":false},"author":1,"featured_media":0,"parent":0,"menu_order":0,"comment_status":"closed","ping_status":"closed","template":"elementor_header_footer","meta":{"footnotes":""},"class_list":["post-394","page","type-page","status-publish","hentry"],"_links":{"self":[{"href":"https:\/\/www.rekimobil-re.de\/index.php\/wp-json\/wp\/v2\/pages\/394","targetHints":{"allow":["GET"]}}],"collection":[{"href":"https:\/\/www.rekimobil-re.de\/index.php\/wp-json\/wp\/v2\/pages"}],"about":[{"href":"https:\/\/www.rekimobil-re.de\/index.php\/wp-json\/wp\/v2\/types\/page"}],"author":[{"embeddable":true,"href":"https:\/\/www.rekimobil-re.de\/index.php\/wp-json\/wp\/v2\/users\/1"}],"replies":[{"embeddable":true,"href":"https:\/\/www.rekimobil-re.de\/index.php\/wp-json\/wp\/v2\/comments?post=394"}],"version-history":[{"count":43,"href":"https:\/\/www.rekimobil-re.de\/index.php\/wp-json\/wp\/v2\/pages\/394\/revisions"}],"predecessor-version":[{"id":480,"href":"https:\/\/www.rekimobil-re.de\/index.php\/wp-json\/wp\/v2\/pages\/394\/revisions\/480"}],"wp:attachment":[{"href":"https:\/\/www.rekimobil-re.de\/index.php\/wp-json\/wp\/v2\/media?parent=394"}],"curies":[{"name":"wp","href":"https:\/\/api.w.org\/{rel}","templated":true}]}}